{"id":576,"date":"2024-10-11T12:36:34","date_gmt":"2024-10-11T10:36:34","guid":{"rendered":"https:\/\/torun.tech\/?page_id=576"},"modified":"2024-10-11T12:36:38","modified_gmt":"2024-10-11T10:36:38","slug":"portfolio","status":"publish","type":"page","link":"https:\/\/torun.tech\/en\/portfolio\/","title":{"rendered":"Portfolio"},"content":{"rendered":"<p>[et_pb_section fb_built=&#8221;1&#8243; _builder_version=&#8221;4.18.0&#8243; _module_preset=&#8221;default&#8221; custom_padding=&#8221;0px|||||&#8221; global_colors_info=&#8221;{}&#8221;][et_pb_row column_structure=&#8221;1_2,1_2&#8243; _builder_version=&#8221;4.18.0&#8243; _module_preset=&#8221;default&#8221; global_colors_info=&#8221;{}&#8221;][et_pb_column type=&#8221;1_2&#8243; _builder_version=&#8221;4.18.0&#8243; _module_preset=&#8221;default&#8221; global_colors_info=&#8221;{}&#8221;][et_pb_blurb title=&#8221;Vidian &#8211; System zintegrowanej komunikacji i monitoringu&#8221; image=&#8221;https:\/\/torun.tech\/wp-content\/uploads\/2024\/03\/favicon_OLD.bmp&#8221; alt=&#8221;Vidian&#8221; _builder_version=&#8221;4.18.0&#8243; _module_preset=&#8221;default&#8221; global_colors_info=&#8221;{}&#8221;]<\/p>\n<p><span>System komunikacyjny dla o\u015brodk\u00f3w medycznych<\/span><span>. W odr\u00f3\u017cnieniu od powszechnie dost\u0119pnych rozwi\u0105za\u0144 telekomunikacyjnych<\/span><span>, umo\u017cliwia ci\u0105g\u0142y monitoring pacjent\u00f3w<\/span><span>, natychmiastowy zdalny kontakt<\/span><span>, zdalne konsultacje lekarskie oraz rozmowy z rodzin\u0105<\/span><span>.<\/span><\/p>\n<p>[\/et_pb_blurb][\/et_pb_column][et_pb_column type=&#8221;1_2&#8243; _builder_version=&#8221;4.18.0&#8243; _module_preset=&#8221;default&#8221; global_colors_info=&#8221;{}&#8221;][et_pb_blurb title=&#8221;Spirium \u2013 System Zarz\u0105dzania Danymi Pulmonologicznymi&#8221; image=&#8221;https:\/\/torun.tech\/wp-content\/uploads\/2024\/03\/logo-spirium.png&#8221; _builder_version=&#8221;4.18.0&#8243; _module_preset=&#8221;default&#8221; global_colors_info=&#8221;{}&#8221;]<\/p>\n<p><span>System zbiera dane z urz\u0105dze\u0144 medycznych poprzez sie\u0107 GSM<\/span><span>, u\u017cytkowanych przez pacjent\u00f3w poza lokalizacj\u0105 szpitala<\/span><span>. Dostarcza wizualizacj\u0119 parametr\u00f3w medycznych pacjent\u00f3w<\/span><span>. Dodatkowo modu\u0142 AI umo\u017cliwia analiz\u0119 danych oraz wyszukuje pacjent\u00f3w wymagaj\u0105cych uwagi lekarza<\/span><span>.<\/span><\/p>\n<p>[\/et_pb_blurb][\/et_pb_column][\/et_pb_row][et_pb_row column_structure=&#8221;1_2,1_2&#8243; _builder_version=&#8221;4.18.0&#8243; _module_preset=&#8221;default&#8221; min_height=&#8221;298.9px&#8221; custom_padding=&#8221;99px|||||&#8221; global_colors_info=&#8221;{}&#8221;][et_pb_column type=&#8221;1_2&#8243; _builder_version=&#8221;4.18.0&#8243; _module_preset=&#8221;default&#8221; global_colors_info=&#8221;{}&#8221;][et_pb_blurb title=&#8221;Systemy Akwizycji Danych Medycznych&#8221; _builder_version=&#8221;4.18.0&#8243; _module_preset=&#8221;default&#8221; global_colors_info=&#8221;{}&#8221;]<\/p>\n<p><span>Dedykowane systemy do akwizycji i przetwarzania danych \u017cyciowych pacjent\u00f3w<\/span><span>. System pobiera dane z kardiomonitor\u00f3w<\/span><span>, respirator\u00f3w<\/span><span>, gazometr\u00f3w oraz szpitalnych system\u00f3w informatycznych<\/span><span>. Umo\u017cliwia wizualizacj\u0119<\/span><span>, sk\u0142adowanie i autonomiczne przetwarzanie danych przy u\u017cyciu modu\u0142\u00f3w AI<\/span><span>.<\/span><\/p>\n<p>[\/et_pb_blurb][\/et_pb_column][et_pb_column type=&#8221;1_2&#8243; _builder_version=&#8221;4.18.0&#8243; _module_preset=&#8221;default&#8221; global_colors_info=&#8221;{}&#8221;][et_pb_blurb title=&#8221;Ankiety Opieki Oko\u0142ooperacyjnej&#8221; _builder_version=&#8221;4.18.0&#8243; _module_preset=&#8221;default&#8221; global_colors_info=&#8221;{}&#8221;]<\/p>\n<p><span>System umo\u017cliwia zdalne przeprowadzanie ankiet w\u015br\u00f3d pacjent\u00f3w poprzez ich urz\u0105dzenia mobilne<\/span><span>. Pacjenci pobieraj\u0105 aplikacj\u0119 oraz otrzymuj\u0105 kod aktywacyjny<\/span><span>, kt\u00f3ry umo\u017cliwia wype\u0142nienie zleconych ankiet<\/span><span>. Wszystkie wyniki ankiet lekarz otrzymuje na swoim koncie po zalogowaniu do systemu<\/span><span>.<\/span><\/p>\n<p>[\/et_pb_blurb][\/et_pb_column][\/et_pb_row][\/et_pb_section]<\/p>\n","protected":false},"excerpt":{"rendered":"<p>System komunikacyjny dla o\u015brodk\u00f3w medycznych. W odr\u00f3\u017cnieniu od powszechnie dost\u0119pnych rozwi\u0105za\u0144 telekomunikacyjnych, umo\u017cliwia ci\u0105g\u0142y monitoring pacjent\u00f3w, natychmiastowy zdalny kontakt, zdalne konsultacje lekarskie oraz rozmowy z rodzin\u0105.System zbiera dane z urz\u0105dze\u0144 medycznych poprzez sie\u0107 GSM, u\u017cytkowanych przez pacjent\u00f3w poza lokalizacj\u0105 szpitala. Dostarcza wizualizacj\u0119 parametr\u00f3w medycznych pacjent\u00f3w. Dodatkowo modu\u0142 AI umo\u017cliwia analiz\u0119 danych oraz wyszukuje pacjent\u00f3w wymagaj\u0105cych [&hellip;]<\/p>\n","protected":false},"author":1,"featured_media":0,"parent":0,"menu_order":0,"comment_status":"closed","ping_status":"closed","template":"","meta":{"_et_pb_use_builder":"on","_et_pb_old_content":"","_et_gb_content_width":"","_locale":"en_US","_original_post":"https:\/\/torun.tech\/?page_id=442"},"_links":{"self":[{"href":"https:\/\/torun.tech\/wp-json\/wp\/v2\/pages\/576"}],"collection":[{"href":"https:\/\/torun.tech\/wp-json\/wp\/v2\/pages"}],"about":[{"href":"https:\/\/torun.tech\/wp-json\/wp\/v2\/types\/page"}],"author":[{"embeddable":true,"href":"https:\/\/torun.tech\/wp-json\/wp\/v2\/users\/1"}],"replies":[{"embeddable":true,"href":"https:\/\/torun.tech\/wp-json\/wp\/v2\/comments?post=576"}],"version-history":[{"count":1,"href":"https:\/\/torun.tech\/wp-json\/wp\/v2\/pages\/576\/revisions"}],"predecessor-version":[{"id":578,"href":"https:\/\/torun.tech\/wp-json\/wp\/v2\/pages\/576\/revisions\/578"}],"wp:attachment":[{"href":"https:\/\/torun.tech\/wp-json\/wp\/v2\/media?parent=576"}],"curies":[{"name":"wp","href":"https:\/\/api.w.org\/{rel}","templated":true}]}}